{"id":123002,"date":"2023-12-04T16:51:56","date_gmt":"2023-12-04T12:51:56","guid":{"rendered":"https:\/\/gskeyae.com\/?post_type=product&#038;p=123002"},"modified":"2025-12-17T20:06:36","modified_gmt":"2025-12-17T16:06:36","slug":"programmeur-orange5-version-de-rechange","status":"publish","type":"product","link":"https:\/\/gskeyae.com\/fr\/product\/programmeur-orange5-version-de-rechange\/","title":{"rendered":"Programmeur Orange 5 Orange5 avec adaptateurs complets &#8211; Version de rechange"},"content":{"rendered":"<h2>Programmeur Orange 5 Orange5 avec adaptateurs complets &#8211; Version de rechange:<\/h2>\n<p>Le programmeur Orange5 est un appareil de programmation professionnel polyvalent pour les m\u00e9moires et les microcontr\u00f4leurs. La caract\u00e9ristique unique de la s\u00e9rie actuelle de programmeurs est le langage macro int\u00e9gr\u00e9, permettant d&rsquo;\u00e9crire des protocoles, ce qui offre une capacit\u00e9 rapide et facile d&rsquo;ajouter de nouveaux types de circuits int\u00e9gr\u00e9s, r\u00e9pondant pr\u00e9cis\u00e9ment aux exigences des fabricants pour les algorithmes de lecture\/\u00e9criture.<\/p>\n<p><a href=\"https:\/\/gskeyae.com\/wp-content\/uploads\/2022\/09\/Orange5-Programmer-User-Manual.pdf\">Manuel de l&rsquo;utilisateur du programmateur Orange5<\/a><\/p>\n<p><a href=\"https:\/\/gskeyae.com\/wp-content\/uploads\/2022\/09\/Orange5-Programmer-Supported-Chip-List.pdf\">Liste des puces prises en charge par le programmateur Orange5<\/a><\/p>\n<h3>Caract\u00e9ristiques du programmeur Orange5 :<\/h3>\n<ul>\n<li>Panneau universel facile \u00e0 brancher ZIF16 pour EEPROM<\/li>\n<li>Contr\u00f4le des contacts dans les socles<\/li>\n<li>Deux socles d&rsquo;extension (MT &amp; SE)<\/li>\n<li>Protection contre les surintensit\u00e9s<\/li>\n<li>Protection contre les surtensions<\/li>\n<li>Trois contr\u00f4les de tension et de courant r\u00e9glables : Tension d&rsquo;alimentation (2,0&#8230;5,0V), tension de programmation (2,0&#8230;21,0V), tension statique suppl\u00e9mentaire de 10V pour les microcontr\u00f4leurs<\/li>\n<li>Pilotes de broches bidirectionnels haute vitesse avec tension r\u00e9glable (2,0&#8230;5,0V)<\/li>\n<li>G\u00e9n\u00e9rateur de cycle d&rsquo;onde avec fr\u00e9quence (jusqu&rsquo;\u00e0 24 MHz) et r\u00e9glage de la tension de sortie (2,0&#8230;5,0V)<\/li>\n<li>Capacit\u00e9 d&rsquo;\u00e9mulation fonctionnelle des dispositifs USB de classe CDC<\/li>\n<li>Machine virtuelle 32 bits int\u00e9gr\u00e9e<\/li>\n<li>Interfaces support\u00e9es : I2C, SPI, MicroWire, JTAG, UART, BDM, ISO7816, K-LINE (via adaptateur), CAN (via adaptateur)<\/li>\n<\/ul>\n<h3>Guide de t\u00e9l\u00e9chargement et d&rsquo;installation du logiciel du programmeur Orange5 :<\/h3>\n<ol>\n<li><strong>T\u00e9l\u00e9chargez le dernier <a href=\"https:\/\/gskeyae.cloud\/orange\/\" target=\"_blank\" rel=\"noopener\">logiciel du programmeur Orange5<\/a>.<\/strong><\/li>\n<li>Extrayez le logiciel de <em>orange5.rar<\/em> \u00e0 n&rsquo;importe quel emplacement sur votre PC.<\/li>\n<li>Ouvrez le gestionnaire de p\u00e9riph\u00e9riques Windows.<\/li>\n<li>Connectez le programmeur Orange-5 au PC.<\/li>\n<li>Trouvez Orange-5 dans le gestionnaire de p\u00e9riph\u00e9riques, faites un clic droit sur <em>Propri\u00e9t\u00e9s<\/em> \u2192 <em>Pilote<\/em> \u2192 <em>Mettre \u00e0 jour le pilote<\/em>.<\/li>\n<li>Acc\u00e9dez \u00e0 l&#8217;emplacement du pilote (l\u00e0 o\u00f9 vous avez extrait <em>orange5.rar<\/em>). Il y a un dossier <em>Driver<\/em> (s\u00e9lectionnez le sous-dossier <em>X64<\/em> si votre syst\u00e8me d&rsquo;exploitation est 64 bits).<\/li>\n<li>Installez le pilote.<\/li>\n<li>D\u00e9connectez et reconnectez le programmeur afin qu&rsquo;il puisse se r\u00e9initialiser.<\/li>\n<li>Ex\u00e9cutez le programme (<em>orange.exe<\/em>) [selon les param\u00e8tres du contr\u00f4le de compte utilisateur (UAC) de votre Windows, il se peut que vous deviez ex\u00e9cuter le logiciel en tant qu&rsquo;administrateur], et le programmeur devrait s&rsquo;initialiser correctement et fonctionner.<\/li>\n<\/ol>\n<p><strong>Remarques :<\/strong><\/p>\n<ul>\n<li>Si vous recevez le message \u00ab\u00a0Mat\u00e9riel non d\u00e9tect\u00e9\u00a0\u00bb, mais que le voyant <em>Mode<\/em> en haut de l&rsquo;Orange-5 est bleu fixe et que l&rsquo;Orange-5 est normalement affich\u00e9 dans le gestionnaire de p\u00e9riph\u00e9riques, v\u00e9rifiez vos ports USB\/c\u00e2ble (s&rsquo;il y a une surcharge\/mauvais contact, le programmeur ne fonctionnera pas).<\/li>\n<li>Si le voyant <em>MODE<\/em> clignote, le pilote n&rsquo;est pas install\u00e9. D\u00e9connectez et reconnectez \u00e0 nouveau le programmeur, puis revenez \u00e0 l&rsquo;\u00e9tape 2.<\/li>\n<\/ul>\n<h3>Exigences syst\u00e8me :<\/h3>\n<ul>\n<li>PC fonctionnant sous Windows 32 bits (x86) ou 64 bits (x64)<\/li>\n<li>Syst\u00e8mes d&rsquo;exploitation compatibles : XP, Vista pour 32 bits &amp; 7, 8, 10 pour 64 bits<\/li>\n<li>C\u00e2ble USB 2.0 : Cordon A-M\u00e2le vers B-M\u00e2le<\/li>\n<\/ul>\n<p><img loading=\"lazy\" decoding=\"async\" class=\"alignnone wp-image-123324 \" src=\"https:\/\/gskeyae.com\/wp-content\/uploads\/2023\/12\/programmeur-orange5-version-de-rechange.jpg\" alt=\"Programmeur Orange 5 Orange5 avec adaptateurs complets - Version de rechange\" width=\"749\" height=\"749\" title=\"\" srcset=\"https:\/\/gskeyae.com\/wp-content\/uploads\/2023\/12\/programmeur-orange5-version-de-rechange.jpg 1000w, https:\/\/gskeyae.com\/wp-content\/uploads\/2023\/12\/programmeur-orange5-version-de-rechange-600x600.jpg 600w, https:\/\/gskeyae.com\/wp-content\/uploads\/2023\/12\/programmeur-orange5-version-de-rechange-150x150.jpg 150w, https:\/\/gskeyae.com\/wp-content\/uploads\/2023\/12\/programmeur-orange5-version-de-rechange-375x375.jpg 375w, https:\/\/gskeyae.com\/wp-content\/uploads\/2023\/12\/programmeur-orange5-version-de-rechange-520x520.jpg 520w, https:\/\/gskeyae.com\/wp-content\/uploads\/2023\/12\/programmeur-orange5-version-de-rechange-768x768.jpg 768w, https:\/\/gskeyae.com\/wp-content\/uploads\/2023\/12\/programmeur-orange5-version-de-rechange-32x32.jpg 32w\" sizes=\"auto, (max-width: 749px) 100vw, 749px\" \/><\/p>\n","protected":false},"excerpt":{"rendered":"<p>Programmeur Orange 5 Orange5 avec adaptateurs complets &#8211; Version de rechange: Le programmeur Orange5 est un appareil de programmation professionnel<\/p>\n","protected":false},"featured_media":118508,"comment_status":"open","ping_status":"closed","template":"elementor_theme","meta":{"_relevanssi_hide_post":"","_relevanssi_hide_content":"","_relevanssi_pin_for_all":"","_relevanssi_pin_keywords":"","_relevanssi_unpin_keywords":"","_relevanssi_related_keywords":"","_relevanssi_related_include_ids":"","_relevanssi_related_exclude_ids":"","_relevanssi_related_no_append":"","_relevanssi_related_not_related":"","_relevanssi_related_posts":"","_relevanssi_noindex_reason":""},"product_brand":[],"product_cat":[2653],"product_tag":[],"class_list":{"0":"post-123002","1":"product","2":"type-product","3":"status-publish","4":"has-post-thumbnail","6":"product_cat-dispositif-de-programmation-de-cles","7":"pa_manufacturers-aftermarket-fr","8":"pa_types-key-programming-tools-fr","10":"first","11":"outofstock","12":"shipping-taxable","13":"purchasable","14":"product-type-simple"},"_links":{"self":[{"href":"https:\/\/gskeyae.com\/fr\/wp-json\/wp\/v2\/product\/123002","targetHints":{"allow":["GET"]}}],"collection":[{"href":"https:\/\/gskeyae.com\/fr\/wp-json\/wp\/v2\/product"}],"about":[{"href":"https:\/\/gskeyae.com\/fr\/wp-json\/wp\/v2\/types\/product"}],"replies":[{"embeddable":true,"href":"https:\/\/gskeyae.com\/fr\/wp-json\/wp\/v2\/comments?post=123002"}],"version-history":[{"count":0,"href":"https:\/\/gskeyae.com\/fr\/wp-json\/wp\/v2\/product\/123002\/revisions"}],"wp:featuredmedia":[{"embeddable":true,"href":"https:\/\/gskeyae.com\/fr\/wp-json\/wp\/v2\/media\/118508"}],"wp:attachment":[{"href":"https:\/\/gskeyae.com\/fr\/wp-json\/wp\/v2\/media?parent=123002"}],"wp:term":[{"taxonomy":"product_brand","embeddable":true,"href":"https:\/\/gskeyae.com\/fr\/wp-json\/wp\/v2\/product_brand?post=123002"},{"taxonomy":"product_cat","embeddable":true,"href":"https:\/\/gskeyae.com\/fr\/wp-json\/wp\/v2\/product_cat?post=123002"},{"taxonomy":"product_tag","embeddable":true,"href":"https:\/\/gskeyae.com\/fr\/wp-json\/wp\/v2\/product_tag?post=123002"}],"curies":[{"name":"wp","href":"https:\/\/api.w.org\/{rel}","templated":true}]}}