{"id":122993,"date":"2023-10-22T17:14:16","date_gmt":"2023-10-22T13:14:16","guid":{"rendered":"https:\/\/gskeyae.com\/?post_type=product&#038;p=122993"},"modified":"2026-01-25T15:43:26","modified_gmt":"2026-01-25T11:43:26","slug":"kess-v2-5-017-version-master","status":"publish","type":"product","link":"https:\/\/gskeyae.com\/fr\/product\/kess-v2-5-017-version-master\/","title":{"rendered":"Kess V2 5.017 Outil de programmation ECU OBD2 Kit de r\u00e9glage avec PCB rouge Version Master"},"content":{"rendered":"<h2>Kess V2 5.017 Outil de programmation ECU OBD2 Kit de r\u00e9glage avec PCB rouge Version Master:<\/h2>\n<p>KESS V2 5.017 est un outil ECU et TCU, le meilleur outil pour r\u00e9\u00e9crire le fichier original ou modifi\u00e9 dans l&rsquo;ECU du v\u00e9hicule en quelques minutes, simplement en communiquant via le port OBD. Gr\u00e2ce \u00e0 un port OBD standard ou un connecteur d\u00e9di\u00e9, KESS V2 peut \u00eatre connect\u00e9 aux voitures, motos, camions, tracteurs et bateaux pour lire et \u00e9crire les param\u00e8tres du moteur ou de la transmission. L&rsquo;objectif est de maximiser les performances du v\u00e9hicule et de l&rsquo;unit\u00e9 de contr\u00f4le \u00e9lectronique, en r\u00e9solvant des probl\u00e8mes qu&rsquo;un diagnostic standard ne peut pas r\u00e9soudre.<\/p>\n<p><a href=\"https:\/\/gskeyae.com\/wp-content\/uploads\/2023\/10\/Kess-V2-5.017-Red-PCB-Support-ECU-Model-List.pdf\">Liste des mod\u00e8les d&rsquo;ECU pris en charge par Kess V2 5.017 (PCB rouge)<\/a><\/p>\n<p><a href=\"https:\/\/gskeyae.com\/wp-content\/uploads\/2023\/10\/Kess-V2-OBD2-Tuning-Kit-Vehicle-Car-List.pdf\">Liste des v\u00e9hicules compatibles avec le kit de r\u00e9glage OBD2 Kess V2<\/a><\/p>\n<h3>Kess V2 5.017 Outil de programmation ECU Kit de r\u00e9glage avec PCB rouge Caract\u00e9ristiques :<\/h3>\n<ul>\n<li>Version de mise \u00e0 jour du logiciel : Ksuite V2.80 (la plus r\u00e9cente), <a href=\"https:\/\/mega.nz\/file\/p8swjI5Q#4LU_gOCzjvdPOvgJl2CfZB-WlTEM8CjRVc6tPbGIeRc\" target=\"_blank\" rel=\"noopener\">t\u00e9l\u00e9chargement gratuit de Kess V2 V2.80<\/a><\/li>\n<li>Le logiciel KESS 5.017 est tr\u00e8s facile \u00e0 installer, il suffit de suivre les instructions et de cliquer sur (\u00c9tape suivante), puis il fonctionnera parfaitement !<\/li>\n<li>Version du firmware : V5.017<\/li>\n<li>Mod\u00e8les de voitures : Pour plusieurs voitures et camions, sans limite d&rsquo;ann\u00e9e<\/li>\n<li>Langues : Anglais, Allemand, Espagnol, Italien, Portugais et Fran\u00e7ais<\/li>\n<li>Fonctions : Outil de programmation ECU<\/li>\n<li>Connexion : Par OBD2. Lire et \u00e9crire l&rsquo;ECU via le port OBD2 directement, pas besoin de d\u00e9monter l&rsquo;ECU de la voiture, facile \u00e0 utiliser<\/li>\n<li>Protocoles pris en charge : OBD2, BOOT&#8230;<\/li>\n<li>Version compl\u00e8te : Sans limites, sans bouton de r\u00e9initialisation<\/li>\n<li>Syst\u00e8mes d&rsquo;exploitation : Windows XP, Windows 7, Windows 10, etc&#8230;<\/li>\n<\/ul>\n<h3>La diff\u00e9rence entre Kess et Ktag:<\/h3>\n<p>Les principales diff\u00e9rences entre <strong>Kess V2<\/strong> et <strong>Ktag<\/strong> r\u00e9sident dans leurs fonctionnalit\u00e9s, leurs modes d&rsquo;utilisation et la mani\u00e8re dont ils interagissent avec l&rsquo;ECU (Unit\u00e9 de Contr\u00f4le du Moteur) du v\u00e9hicule :<\/p>\n<ol>\n<li><strong>Fonctionnalit\u00e9<\/strong> :\n<ul>\n<li><strong>Kess V2<\/strong> est un <strong>outil de programmation OBD2<\/strong> qui se connecte directement au port OBD2 du v\u00e9hicule. Il permet de <strong>lire et \u00e9crire des fichiers ECU<\/strong> (originaux ou modifi\u00e9s) sans avoir besoin de retirer l&rsquo;ECU du v\u00e9hicule. Le Kess V2 est id\u00e9al pour <strong>l&rsquo;optimisation des performances<\/strong> du moteur et pour effectuer des <strong>fonctions de diagnostic<\/strong> via le port OBD.<\/li>\n<li><strong>Ktag<\/strong> est un outil de <strong>programmation sur banc<\/strong> qui n\u00e9cessite de retirer l&rsquo;ECU du v\u00e9hicule et de le connecter \u00e0 l&rsquo;appareil via des adaptateurs sp\u00e9ciaux. Il est con\u00e7u pour effectuer des <strong>flashes directs d&rsquo;ECU\/TCU<\/strong> et est principalement utilis\u00e9 pour lire et \u00e9crire les donn\u00e9es de l&rsquo;ECU \u00e0 partir d&rsquo;un <strong>banc de travail<\/strong> (hors du v\u00e9hicule).<\/li>\n<\/ul>\n<\/li>\n<li><strong>Connexion<\/strong> :\n<ul>\n<li><strong>Kess V2<\/strong> se connecte \u00e0 l&rsquo;ECU via le <strong>port OBD2<\/strong>, ce qui permet une programmation facile et rapide de l&rsquo;ECU tout en laissant le v\u00e9hicule intact, sans avoir \u00e0 d\u00e9monter l&rsquo;ECU.<\/li>\n<li><strong>Ktag<\/strong> se connecte directement \u00e0 la <strong>carte PCB (circuit imprim\u00e9)<\/strong> de l&rsquo;ECU via des connecteurs ou des c\u00e2bles d\u00e9di\u00e9s, n\u00e9cessitant ainsi le retrait de l&rsquo;ECU du v\u00e9hicule.<\/li>\n<\/ul>\n<\/li>\n<li><strong>Cas d&rsquo;utilisation<\/strong> :\n<ul>\n<li><strong>Kess V2<\/strong> est plus adapt\u00e9 pour la <strong>programmation sur route<\/strong> et la r\u00e9vision de l&rsquo;ECU sans retirer l&rsquo;ECU du v\u00e9hicule. Il est utilis\u00e9 pour les <strong>voitures, camions et motos<\/strong>, et est id\u00e9al pour le <strong>diagnostic et l&rsquo;optimisation des performances<\/strong>.<\/li>\n<li><strong>Ktag<\/strong> est con\u00e7u pour des <strong>op\u00e9rations ECU plus complexes<\/strong>, y compris des <strong>flashes sur banc<\/strong>, et est utilis\u00e9 principalement pour travailler sur des <strong>ECUs verrouill\u00e9s<\/strong> ou n\u00e9cessitant une programmation de niveau profond. Il est souvent utilis\u00e9 dans des cas o\u00f9 Kess V2 ne peut pas lire ou \u00e9crire l&rsquo;ECU.<\/li>\n<\/ul>\n<\/li>\n<li><strong>Protocoles support\u00e9s<\/strong> :\n<ul>\n<li><strong>Kess V2<\/strong> supporte les protocoles <strong>OBD2<\/strong> et quelques protocoles suppl\u00e9mentaires pour la programmation sp\u00e9cifique aux v\u00e9hicules.<\/li>\n<li><strong>Ktag<\/strong> prend en charge un <strong>plus grand nombre de protocoles<\/strong>, y compris le mode BOOT et la connexion directe aux ECUs via des adaptateurs sp\u00e9cifiques. Il peut g\u00e9rer plus de types d&rsquo;ECUs et de TCU (Unit\u00e9s de Contr\u00f4le de Transmission) que Kess.<\/li>\n<\/ul>\n<\/li>\n<li><strong>Flexibilit\u00e9<\/strong> :\n<ul>\n<li><strong>Kess V2<\/strong> est plus <strong>facile \u00e0 utiliser<\/strong> pour des t\u00e2ches de <strong>r\u00e9glage standard<\/strong> et de <strong>programmation rapide<\/strong> de l&rsquo;ECU via le port OBD.<\/li>\n<li><strong>Ktag<\/strong> est plus <strong>flexible<\/strong> pour des utilisateurs <strong>avanc\u00e9s<\/strong> qui ont besoin de travailler directement sur l&rsquo;ECU sur un <strong>niveau de banc<\/strong> et effectuer des op\u00e9rations plus complexes.<\/li>\n<\/ul>\n<\/li>\n<\/ol>\n<p>En r\u00e9sum\u00e9 :<\/p>\n<ul>\n<li><strong>Kess V2<\/strong> est un outil <strong>rapide, bas\u00e9 sur OBD2<\/strong>, adapt\u00e9 pour le <strong>r\u00e9glage g\u00e9n\u00e9ral de l&rsquo;ECU<\/strong> et le diagnostic.<\/li>\n<li><strong>Ktag<\/strong> est un outil de <strong>banc<\/strong> destin\u00e9 \u00e0 des travaux plus <strong>avanc\u00e9s sur l&rsquo;ECU<\/strong>, notamment lorsque l&rsquo;ECU doit \u00eatre retir\u00e9 et connect\u00e9 directement pour des programmations plus approfondies.<\/li>\n<\/ul>\n<h3>Liste de l&#8217;emballage Kess V2 5.017 :<\/h3>\n<ul>\n<li>1 x Unit\u00e9 principale Kess V5.017<\/li>\n<li>1 x 144300T 104<\/li>\n<li>1 x 144300T 103<\/li>\n<li>1 x 144300T 101<\/li>\n<li>1 x 144300T 106<\/li>\n<li>1 x 144300T 102<\/li>\n<li>1 x 144300T 105<\/li>\n<li>1 x 144300T 100<\/li>\n<li>3 x Puces \u00e0 l&rsquo;int\u00e9rieur<\/li>\n<li>1 x C\u00e2ble multi-couleur<\/li>\n<li>1 x C\u00e2ble USB<\/li>\n<li>1 x Adaptateur secteur<\/li>\n<li>1 x CD<\/li>\n<\/ul>\n<p><img loading=\"lazy\" decoding=\"async\" class=\"alignnone wp-image-123334 \" src=\"https:\/\/gskeyae.com\/wp-content\/uploads\/2023\/10\/liste-de-lemballage-kess-v2-5.017.jpg\" alt=\"Liste de l&#039;emballage Kess V2 5.017\" width=\"725\" height=\"725\" title=\"\" srcset=\"https:\/\/gskeyae.com\/wp-content\/uploads\/2023\/10\/liste-de-lemballage-kess-v2-5.017.jpg 1000w, https:\/\/gskeyae.com\/wp-content\/uploads\/2023\/10\/liste-de-lemballage-kess-v2-5.017-600x600.jpg 600w, https:\/\/gskeyae.com\/wp-content\/uploads\/2023\/10\/liste-de-lemballage-kess-v2-5.017-150x150.jpg 150w, https:\/\/gskeyae.com\/wp-content\/uploads\/2023\/10\/liste-de-lemballage-kess-v2-5.017-375x375.jpg 375w, https:\/\/gskeyae.com\/wp-content\/uploads\/2023\/10\/liste-de-lemballage-kess-v2-5.017-520x520.jpg 520w, https:\/\/gskeyae.com\/wp-content\/uploads\/2023\/10\/liste-de-lemballage-kess-v2-5.017-768x768.jpg 768w, https:\/\/gskeyae.com\/wp-content\/uploads\/2023\/10\/liste-de-lemballage-kess-v2-5.017-32x32.jpg 32w\" sizes=\"auto, (max-width: 725px) 100vw, 725px\" \/><\/p>\n","protected":false},"excerpt":{"rendered":"<p>Kess V2 5.017 Outil de programmation ECU OBD2 Kit de r\u00e9glage avec PCB rouge Version Master: KESS V2 5.017 est<\/p>\n","protected":false},"featured_media":117367,"comment_status":"open","ping_status":"closed","template":"","meta":[],"product_brand":[],"product_cat":[2653],"product_tag":[],"class_list":{"0":"post-122993","1":"product","2":"type-product","3":"status-publish","4":"has-post-thumbnail","6":"product_cat-dispositif-de-programmation-de-cles","7":"pa_manufacturers-aftermarket-fr","8":"pa_types-key-programming-tools-fr","10":"first","11":"instock","12":"shipping-taxable","13":"purchasable","14":"product-type-simple"},"_links":{"self":[{"href":"https:\/\/gskeyae.com\/fr\/wp-json\/wp\/v2\/product\/122993","targetHints":{"allow":["GET"]}}],"collection":[{"href":"https:\/\/gskeyae.com\/fr\/wp-json\/wp\/v2\/product"}],"about":[{"href":"https:\/\/gskeyae.com\/fr\/wp-json\/wp\/v2\/types\/product"}],"replies":[{"embeddable":true,"href":"https:\/\/gskeyae.com\/fr\/wp-json\/wp\/v2\/comments?post=122993"}],"version-history":[{"count":0,"href":"https:\/\/gskeyae.com\/fr\/wp-json\/wp\/v2\/product\/122993\/revisions"}],"wp:featuredmedia":[{"embeddable":true,"href":"https:\/\/gskeyae.com\/fr\/wp-json\/wp\/v2\/media\/117367"}],"wp:attachment":[{"href":"https:\/\/gskeyae.com\/fr\/wp-json\/wp\/v2\/media?parent=122993"}],"wp:term":[{"taxonomy":"product_brand","embeddable":true,"href":"https:\/\/gskeyae.com\/fr\/wp-json\/wp\/v2\/product_brand?post=122993"},{"taxonomy":"product_cat","embeddable":true,"href":"https:\/\/gskeyae.com\/fr\/wp-json\/wp\/v2\/product_cat?post=122993"},{"taxonomy":"product_tag","embeddable":true,"href":"https:\/\/gskeyae.com\/fr\/wp-json\/wp\/v2\/product_tag?post=122993"}],"curies":[{"name":"wp","href":"https:\/\/api.w.org\/{rel}","templated":true}]}}