{"id":122975,"date":"2023-08-08T13:20:32","date_gmt":"2023-08-08T09:20:32","guid":{"rendered":"https:\/\/gskeyae.com\/?post_type=product&#038;p=122975"},"modified":"2026-03-07T15:33:10","modified_gmt":"2026-03-07T11:33:10","slug":"autel-g-box-3","status":"publish","type":"product","link":"https:\/\/gskeyae.com\/fr\/product\/autel-g-box-3\/","title":{"rendered":"Adaptateur de programmation de cl\u00e9s Autel G-BOX 3 pour v\u00e9hicules Mercedes BMW"},"content":{"rendered":"<h2>Adaptateur de programmation de cl\u00e9s Autel G-BOX 3 GBOX3 pour v\u00e9hicules Mercedes BMW:<\/h2>\n<ul>\n<li>Le G-BOX 3 d&rsquo;Autel permet un mode rapide sur v\u00e9hicule et sur banc lorsque toutes les cl\u00e9s des v\u00e9hicules Mercedes-Benz utilisant les syst\u00e8mes DAS3 EIS\/EZS sont perdues. L&rsquo;utilisation du G-BOX 3 r\u00e9duit le temps n\u00e9cessaire et \u00e9limine le processus d&rsquo;insertion et de retrait.<\/li>\n<li>Le G-BOX 3 d&rsquo;Autel peut lire et acc\u00e9der \u00e0 la plupart des moteurs fabriqu\u00e9s par Bosch, y compris ceux des s\u00e9ries EDC\/17MEx17 et MD1\/MG1. Cette fonctionnalit\u00e9 permet de r\u00e9aliser des adaptations de cl\u00e9s et des remplacements de moteurs.<\/li>\n<li>Le G-BOX 3 d&rsquo;Autel est compatible avec les tablettes de diagnostic avanc\u00e9es d&rsquo;Autel supportant les fonctions IMMO et programmation des cl\u00e9s.<\/li>\n<\/ul>\n<p><a href=\"https:\/\/gskeyae.com\/wp-content\/uploads\/2023\/08\/Autel-G-BOX3-Quick-Reference-Guide.pdf\">Guide de r\u00e9f\u00e9rence rapide Autel G-BOX 3 (GBOX3)<\/a><\/p>\n<p data-spm-anchor-id=\"a2ty_o01.29997173.0.i8.475dc921a6cbM9\"><a href=\"https:\/\/gskeyae.com\/wp-content\/uploads\/2023\/08\/Autel-G-BOX3-Flyer.pdf\">D\u00e9pliant Autel G-BOX 3<\/a><\/p>\n<p data-spm-anchor-id=\"a2ty_o01.29997173.0.i8.475dc921a6cbM9\"><img loading=\"lazy\" decoding=\"async\" class=\"alignnone wp-image-130141 \" src=\"https:\/\/gskeyae.com\/wp-content\/uploads\/2023\/08\/autel-g-box-3-gbox3.jpg\" alt=\"Adaptateur de programmation de cl\u00e9s Autel G-BOX 3 pour v\u00e9hicules Mercedes BMW (6)\" width=\"744\" height=\"744\" title=\"\" srcset=\"https:\/\/gskeyae.com\/wp-content\/uploads\/2023\/08\/autel-g-box-3-gbox3.jpg 1000w, https:\/\/gskeyae.com\/wp-content\/uploads\/2023\/08\/autel-g-box-3-gbox3-375x375.jpg 375w, https:\/\/gskeyae.com\/wp-content\/uploads\/2023\/08\/autel-g-box-3-gbox3-520x520.jpg 520w, https:\/\/gskeyae.com\/wp-content\/uploads\/2023\/08\/autel-g-box-3-gbox3-768x768.jpg 768w, https:\/\/gskeyae.com\/wp-content\/uploads\/2023\/08\/autel-g-box-3-gbox3-600x600.jpg 600w, https:\/\/gskeyae.com\/wp-content\/uploads\/2023\/08\/autel-g-box-3-gbox3-150x150.jpg 150w, https:\/\/gskeyae.com\/wp-content\/uploads\/2023\/08\/autel-g-box-3-gbox3-32x32.jpg 32w\" sizes=\"auto, (max-width: 744px) 100vw, 744px\" \/><\/p>\n<h3>Description du produit Autel G-BOX 3 :<\/h3>\n<ul>\n<li>Accessoire pour tablette de programmation de cl\u00e9s MaxiIM, compatible avec IM608 et <a href=\"https:\/\/gskeyae.com\/fr\/product\/autel-maxiim-im508\/\">IM508<\/a> (avec achat de <a href=\"https:\/\/gskeyae.com\/fr\/product\/autel-xp400-pro-programmeur-de-cle\/\">XP400 Pro<\/a>).<\/li>\n<li>Mercedes-Benz Toutes les cl\u00e9s perdues, calcul de mot de passe plus rapide.<\/li>\n<li>Mercedes-Benz Toutes les cl\u00e9s perdues, \u00e9limine les insertions r\u00e9p\u00e9t\u00e9es pendant le processus.<\/li>\n<li>Mercedes-Benz Toutes les cl\u00e9s perdues, peut \u00eatre programm\u00e9 sur le v\u00e9hicule sans retirer le commutateur d&rsquo;allumage \u00e9lectronique (EIS).<\/li>\n<li>Lecture et \u00e9criture ISN DME\/DDE BMW en mode Boot ou m\u00e9thode banc.<\/li>\n<li>Comprend toutes les connexions, y compris les c\u00e2bles, le connecteur de fusible et les connecteurs de ligne CAN.<\/li>\n<\/ul>\n<h3>Caract\u00e9ristiques du produit Autel G-BOX 3 :<\/h3>\n<ul>\n<li>Calcul de mot de passe plus rapide pour le sc\u00e9nario \u00ab\u00a0Toutes les cl\u00e9s perdues\u00a0\u00bb de Mercedes-Benz.<\/li>\n<li>Calcul de mot de passe 8 fois plus rapide pour les types EIS Mercedes-Benz W172, W204 et W207.<\/li>\n<li>Calcul de mot de passe 4 fois plus rapide pour les types EIS Mercedes-Benz W209 et W211.<\/li>\n<li>Lecture ISN DME\/DDE BMW pour 20 types d&rsquo;ECUs, y compris EDC17, MEVD17, MSV90 et MSD87.<\/li>\n<li>Lecture des donn\u00e9es IMMO CM de Volkswagen et synchronisation des donn\u00e9es pour 18 types, y compris les ECUs MQB EDC17 et MED17.<\/li>\n<li>Lecture et \u00e9criture de l&rsquo;ECU moteur Bosch sur les v\u00e9hicules Volkswagen, BMW et du groupe PSA.<\/li>\n<\/ul>\n<h3>Autel G-BOX 3 vs. G-BOX 2, Quelles sont les diff\u00e9rences ?<\/h3>\n<p>Compar\u00e9 au <a href=\"https:\/\/gskeyae.com\/fr\/product\/outil-autel-g-box2\/\">G-BOX 2<\/a>, le G-BOX 3 est plus rapide et plus s\u00e9curis\u00e9 dans l&rsquo;ex\u00e9cution des t\u00e2ches suivantes :<\/p>\n<ul>\n<li>Le G-BOX 3 prend en charge un calcul de mot de passe 8X\/4X plus rapide pour Mercedes-Benz que le G-BOX 2.<\/li>\n<li>Le G-BOX 3 offre une lecture et une \u00e9criture plus rapides et plus s\u00e9curis\u00e9es des ECUs Bosch EDC17, MEx17, MD1 et MG1.<\/li>\n<li>Le G-BOX 3 prend en charge un mode plus rapide dans le sc\u00e9nario \u00ab\u00a0Toutes les cl\u00e9s perdues\u00a0\u00bb de Mercedes-Benz, aussi bien sur v\u00e9hicule que sur banc.<\/li>\n<\/ul>\n<h3>Liste du package Autel G-BOX3 :<\/h3>\n<ul>\n<li>1 x Autel G-BOX3<\/li>\n<\/ul>\n<p><img loading=\"lazy\" decoding=\"async\" class=\"alignnone wp-image-123350 size-full\" src=\"https:\/\/gskeyae.com\/wp-content\/uploads\/2023\/08\/liste-du-package-autel-g-box3.jpg\" alt=\"Liste du package Autel G-BOX3\" width=\"930\" height=\"417\" title=\"\" srcset=\"https:\/\/gskeyae.com\/wp-content\/uploads\/2023\/08\/liste-du-package-autel-g-box3.jpg 930w, https:\/\/gskeyae.com\/wp-content\/uploads\/2023\/08\/liste-du-package-autel-g-box3-150x67.jpg 150w, https:\/\/gskeyae.com\/wp-content\/uploads\/2023\/08\/liste-du-package-autel-g-box3-555x249.jpg 555w, https:\/\/gskeyae.com\/wp-content\/uploads\/2023\/08\/liste-du-package-autel-g-box3-770x345.jpg 770w, https:\/\/gskeyae.com\/wp-content\/uploads\/2023\/08\/liste-du-package-autel-g-box3-768x344.jpg 768w\" sizes=\"auto, (max-width: 930px) 100vw, 930px\" \/><\/p>\n","protected":false},"excerpt":{"rendered":"<p>Adaptateur de programmation de cl\u00e9s Autel G-BOX 3 GBOX3 pour v\u00e9hicules Mercedes BMW: Le G-BOX 3 d&rsquo;Autel permet un mode<\/p>\n","protected":false},"featured_media":115443,"comment_status":"open","ping_status":"closed","template":"elementor_theme","meta":{"_relevanssi_hide_post":"","_relevanssi_hide_content":"","_relevanssi_pin_for_all":"","_relevanssi_pin_keywords":"","_relevanssi_unpin_keywords":"","_relevanssi_related_keywords":"","_relevanssi_related_include_ids":"","_relevanssi_related_exclude_ids":"","_relevanssi_related_no_append":"","_relevanssi_related_not_related":"","_relevanssi_related_posts":"","_relevanssi_noindex_reason":""},"product_brand":[],"product_cat":[2653],"product_tag":[],"class_list":{"0":"post-122975","1":"product","2":"type-product","3":"status-publish","4":"has-post-thumbnail","6":"product_cat-dispositif-de-programmation-de-cles","7":"pa_car-makes-bmw-fr","8":"pa_car-makes-mercedes-fr","9":"pa_manufacturers-autel-fr","10":"pa_types-key-programming-tools-fr","12":"first","13":"instock","14":"shipping-taxable","15":"purchasable","16":"product-type-simple"},"_links":{"self":[{"href":"https:\/\/gskeyae.com\/fr\/wp-json\/wp\/v2\/product\/122975","targetHints":{"allow":["GET"]}}],"collection":[{"href":"https:\/\/gskeyae.com\/fr\/wp-json\/wp\/v2\/product"}],"about":[{"href":"https:\/\/gskeyae.com\/fr\/wp-json\/wp\/v2\/types\/product"}],"replies":[{"embeddable":true,"href":"https:\/\/gskeyae.com\/fr\/wp-json\/wp\/v2\/comments?post=122975"}],"version-history":[{"count":0,"href":"https:\/\/gskeyae.com\/fr\/wp-json\/wp\/v2\/product\/122975\/revisions"}],"wp:featuredmedia":[{"embeddable":true,"href":"https:\/\/gskeyae.com\/fr\/wp-json\/wp\/v2\/media\/115443"}],"wp:attachment":[{"href":"https:\/\/gskeyae.com\/fr\/wp-json\/wp\/v2\/media?parent=122975"}],"wp:term":[{"taxonomy":"product_brand","embeddable":true,"href":"https:\/\/gskeyae.com\/fr\/wp-json\/wp\/v2\/product_brand?post=122975"},{"taxonomy":"product_cat","embeddable":true,"href":"https:\/\/gskeyae.com\/fr\/wp-json\/wp\/v2\/product_cat?post=122975"},{"taxonomy":"product_tag","embeddable":true,"href":"https:\/\/gskeyae.com\/fr\/wp-json\/wp\/v2\/product_tag?post=122975"}],"curies":[{"name":"wp","href":"https:\/\/api.w.org\/{rel}","templated":true}]}}