{"id":122737,"date":"2022-12-28T14:11:57","date_gmt":"2022-12-28T10:11:57","guid":{"rendered":"https:\/\/gskeyae.com\/?post_type=product&#038;p=122737"},"modified":"2025-12-17T20:06:36","modified_gmt":"2025-12-17T16:06:36","slug":"obdstar-key-master-dp-plus-pack-complet-immobilizer-a","status":"publish","type":"product","link":"https:\/\/gskeyae.com\/fr\/product\/obdstar-key-master-dp-plus-pack-complet-immobilizer-a\/","title":{"rendered":"OBDSTAR Key Master DP Plus Pack complet Immobilizer avec mise \u00e0 jour gratuite 1 an"},"content":{"rendered":"<h2>OBDSTAR Key Master DP Plus Pack complet Immobilizer avec mise \u00e0 jour gratuite 1 an:<\/h2>\n<p>OBDSTAR Key Master DP Plus est un nouveau dispositif de diagnostic automobile bas\u00e9 sur Android, d\u00e9velopp\u00e9 pour les applications Internet. Il h\u00e9rite de la technologie avanc\u00e9e de diagnostic OBDSTAR et se distingue par sa large couverture de v\u00e9hicules, ses fonctions puissantes et ses r\u00e9sultats pr\u00e9cis. Gr\u00e2ce au connecteur de diagnostic OBD du v\u00e9hicule et aux terminaux mobiles intelligents, il permet de diagnostiquer les pannes pour tous les mod\u00e8les de voitures et tous les syst\u00e8mes de v\u00e9hicules.<\/p>\n<p>Nouveau : recalibrage du compteur de moto BRP ajout\u00e9 ! (Disponible dans le logiciel ODOMETER.) Il prend en charge Car IMMO, MOTO IMMO, recalibrage du compteur, r\u00e9initialisation de l\u2019huile\/service, RFID, r\u00e9initialisation de l\u2019airbag, ECU Flasher&#8230;<\/p>\n<p><a href=\"https:\/\/gskeyae.com\/wp-content\/uploads\/2022\/12\/OBDSTAR-Key-Master-DP-Plus-User-Manual.pdf\">Manuel de l&rsquo;utilisateur OBDSTAR Key Master DP Plus A Package<\/a><\/p>\n<p><a href=\"https:\/\/gskeyae.com\/wp-content\/uploads\/2022\/12\/KEY-MASTER-DP-PLUS-COVERAGE-1.zip\">Liste des v\u00e9hicules couverts par KEY MASTER DP PLUS<\/a><\/p>\n<h3>Liste des v\u00e9hicules couverts par OBDSTAR Key Master DP Plus :<\/h3>\n<p>OBDSTAR Key Master DP Plus prend en charge une large gamme de v\u00e9hicules, incluant des voitures, des motos, et des syst\u00e8mes de v\u00e9hicules vari\u00e9s. Cette couverture comprend :<\/p>\n<ol>\n<li><strong>Voitures<\/strong> : Mod\u00e8les de diff\u00e9rentes marques de voitures, y compris des v\u00e9hicules populaires en Europe, en Am\u00e9rique, en Asie et dans d&rsquo;autres r\u00e9gions.<\/li>\n<li><strong>Motos<\/strong> : Le syst\u00e8me prend en charge les motos de marques bien connues, y compris le recalibrage du compteur BRP.<\/li>\n<li><strong>Syst\u00e8mes de v\u00e9hicules<\/strong> : Le dispositif couvre tous les syst\u00e8mes de diagnostic des v\u00e9hicules, y compris l\u2019immobilisation (IMMO), la r\u00e9initialisation des services et d\u2019huile, l\u2019airbag, etc.<\/li>\n<\/ol>\n<p>Notez que la liste sp\u00e9cifique des marques et des mod\u00e8les de v\u00e9hicules support\u00e9s peut \u00eatre obtenue directement \u00e0 partir de la documentation du produit ou des mises \u00e0 jour logicielles sp\u00e9cifiques.<\/p>\n<h3>Avantages mat\u00e9riels du OBDSTAR Key Master DP Plus :<\/h3>\n<ul>\n<li>Bo\u00eete VCI int\u00e9gr\u00e9e<\/li>\n<li>\u00c9cran tactile de 8 pouces<\/li>\n<li>Recharge directe via l&rsquo;interface OBD<\/li>\n<li>Bo\u00eete cadeau pratique et haut de gamme<\/li>\n<li>Design industriel avec coque en silicone<\/li>\n<li>Conception avec support arri\u00e8re : peut \u00eatre pos\u00e9 sur le volant ou sur la table<\/li>\n<li>Programmeur P001 : Adaptateur EEPROM + Adaptateur RFID + Adaptateur de renouvellement de cl\u00e9<\/li>\n<li>Ajout de la pince pour lire l&rsquo;EEPROM SOP 8 PIN<\/li>\n<li>Carte circuit C001\/C002 pour lire et \u00e9crire les donn\u00e9es de puces avec soudure<\/li>\n<li>Bobine d\u2019induction IMMO pour d\u00e9tecter la d\u00e9faillance de la bobine d&rsquo;induction de cl\u00e9 du v\u00e9hicule<\/li>\n<li>Ajout du faisceau de c\u00e2blage pour la lecture ECU via OBD (pour le clonage ECU et l&rsquo;activation du switch)<\/li>\n<\/ul>\n<div class=\"flex-shrink-0 flex flex-col relative items-end\"><\/div>\n<div class=\"group\/conversation-turn relative flex w-full min-w-0 flex-col agent-turn\">\n<div class=\"flex-col gap-1 md:gap-3\">\n<div class=\"flex max-w-full flex-col flex-grow\">\n<div class=\"min-h-8 text-message flex w-full flex-col items-end gap-2 whitespace-normal break-words text-start [.text-message+&amp;]:mt-5\" dir=\"auto\" data-message-author-role=\"assistant\" data-message-id=\"95f766ff-7cf9-47fb-b1af-421907774ae1\" data-message-model-slug=\"gpt-4o-mini\">\n<div class=\"flex w-full flex-col gap-1 empty:hidden first:pt-[3px]\">\n<div class=\"markdown prose w-full break-words dark:prose-invert light\">\n<h3>Fonctions avanc\u00e9es du OBDSTAR Key Master DP Plus :<\/h3>\n<ul>\n<li><strong>Support de la programmation de cl\u00e9s pour MAZDA CX30 2020-, MAZDA3 2020-<\/strong> (prend en charge AKL et le code PIN gratuit)<\/li>\n<li><strong>Support de la lecture du code PIN pour PSA 2015-<\/strong> : CONTINENTAL BSI-Q0X en cas de perte de toutes les cl\u00e9s, DELPHI BSI lire le code PIN via OBD en cas de perte de toutes les cl\u00e9s, programmation de cl\u00e9s pour toutes les s\u00e9ries et mod\u00e8les de toutes les ann\u00e9es<\/li>\n<li><strong>Support de l&rsquo;ajout de cl\u00e9s de proximit\u00e9 pour RENAULT \/ DACIA<\/strong> (code PIN gratuit) pour les mod\u00e8les : CAPTUR II 2021-, CLIO V 2021-, TRAFIC 2022<\/li>\n<li><strong>Support de la programmation de cl\u00e9s de proximit\u00e9 pour RENAULT \/ DACIA<\/strong> (code PIN gratuit) pour les mod\u00e8les : TRIBBER 2018-, ARKANA 2020-, LOGAN 2020-, MEGANE IV PH2 2020-, NEW ZOE 2020-, SANDERO 2020-<\/li>\n<li><strong>Support de la programmation de cl\u00e9s \u00e0 lame \/ de proximit\u00e9 pour RENAULT \/ DACIA<\/strong> (code PIN gratuit) pour le mod\u00e8le : DUSTER PH3 2018-<\/li>\n<li><strong>Support de la lecture du code PIN pour JEEP COMPASS 2021<\/strong> (tous les num\u00e9ros de pi\u00e8ces)<\/li>\n<li><strong>Support de la programmation de cl\u00e9s pour CHRYSLER \/ JEEP \/ DODGE<\/strong> pour toutes les s\u00e9ries et mod\u00e8les de toutes les ann\u00e9es<\/li>\n<\/ul>\n<\/div>\n<\/div>\n<\/div>\n<\/div>\n<\/div>\n<\/div>\n<h3>CONFIGURATIONS OBDSTAR Key Master DP Plus :<\/h3>\n<ol>\n<li><strong>Pack A :<\/strong>\n<ul>\n<li>Immobilizer + fonctions sp\u00e9ciales (EEPROM + renouvellement de cl\u00e9)<\/li>\n<li>Adaptateurs (programmeur P001 + carte circuit C001 + carte circuit C002 + c\u00e2ble W001 + c\u00e2ble W002 + c\u00e2ble W003 + convertisseur)<\/li>\n<li>Autres (bobine d&rsquo;allumage + testeur de t\u00e9l\u00e9commande)<\/li>\n<\/ul>\n<\/li>\n<li><strong>Pack B :<\/strong>\n<ul>\n<li>Immobilizer + fonctions sp\u00e9ciales (EEPROM + renouvellement de cl\u00e9) + correction du kilom\u00e9trage<\/li>\n<li>Adaptateurs (programmeur P001 + carte circuit C001 + carte circuit C002 + c\u00e2ble W001 + c\u00e2ble W002 + c\u00e2ble W003 + convertisseur)<\/li>\n<li>Autres (bobine d&rsquo;allumage + testeur de t\u00e9l\u00e9commande)<\/li>\n<\/ul>\n<\/li>\n<li><strong><a href=\"https:\/\/gskeyae.com\/fr\/product\/package-complet-obdstar-key-master-dp-plus-c\/\">Pack C<\/a> :<\/strong>\n<ul>\n<li>Immobilizer + correction du kilom\u00e9trage + diagnostic + fonctions sp\u00e9ciales (r\u00e9initialisation huile + ABS + appairage batterie + programmation ECU + EPB + programmation de la p\u00e9dale d&rsquo;acc\u00e9l\u00e9rateur + r\u00e9initialisation airbag + TPMS + r\u00e9initialisation angle de direction + OBDII + DPF + code injecteur + appairage suspension + apprentissage des vitesses + apprentissage CVT + EEPROM + renouvellement de cl\u00e9 + clonage ECU)<\/li>\n<li>Adaptateurs (programmeur P001 + carte circuit C001 + carte circuit C002 + c\u00e2ble W001 + c\u00e2ble W002 + c\u00e2ble W003 + convertisseur)<\/li>\n<li>Autres (bobine d&rsquo;allumage + testeur de t\u00e9l\u00e9commande)<\/li>\n<\/ul>\n<\/li>\n<\/ol>\n<h3>Comparaison entre le Pack A et le Pack C de l&rsquo;OBDSTAR Key Master DP Plus :<\/h3>\n<ol>\n<li><strong>Pack A :<\/strong>\n<ul>\n<li><strong>Fonctions principales :<\/strong> Immobilizer + Fonctions sp\u00e9ciales (EEPROM + renouvellement de cl\u00e9)<\/li>\n<li><strong>Adaptateurs inclus :<\/strong> Programmeur P001, carte circuit C001, carte circuit C002, c\u00e2bles W001, W002, W003, convertisseur<\/li>\n<li><strong>Autres outils inclus :<\/strong> Bobine d&rsquo;allumage, testeur de t\u00e9l\u00e9commande<\/li>\n<li><strong>Cible :<\/strong> Ce pack est destin\u00e9 principalement aux utilisateurs qui ont besoin de fonctionnalit\u00e9s de base pour l&rsquo;immobilisation, la programmation de cl\u00e9s et les op\u00e9rations li\u00e9es \u00e0 l&rsquo;EEPROM.<\/li>\n<\/ul>\n<\/li>\n<li><strong>Pack C :<\/strong>\n<ul>\n<li><strong>Fonctions principales :<\/strong> Immobilizer + Correction du kilom\u00e9trage + Diagnostic + Fonctions sp\u00e9ciales (r\u00e9initialisation huile, ABS, appairage batterie, programmation ECU, EPB, r\u00e9initialisation airbag, TPMS, r\u00e9initialisation angle de direction, OBDII, DPF, code injecteur, appairage suspension, apprentissage des vitesses, apprentissage CVT, EEPROM, renouvellement de cl\u00e9, clonage ECU)<\/li>\n<li><strong>Adaptateurs inclus :<\/strong> Programmeur P001, carte circuit C001, carte circuit C002, c\u00e2bles W001, W002, W003, convertisseur<\/li>\n<li><strong>Autres outils inclus :<\/strong> Bobine d&rsquo;allumage, testeur de t\u00e9l\u00e9commande<\/li>\n<li><strong>Cible :<\/strong> Ce pack est destin\u00e9 aux utilisateurs ayant besoin de fonctionnalit\u00e9s avanc\u00e9es pour le diagnostic complet des v\u00e9hicules, la correction du kilom\u00e9trage, ainsi que de nombreuses fonctions de r\u00e9initialisation et de programmation.<\/li>\n<\/ul>\n<\/li>\n<\/ol>\n<p><strong>R\u00e9sum\u00e9 des diff\u00e9rences :<\/strong><\/p>\n<ul>\n<li>Le <strong>Pack A<\/strong> est plus simple et se concentre sur l&rsquo;immobilizer, l&rsquo;EEPROM, et le renouvellement de cl\u00e9s.<\/li>\n<li>Le <strong>Pack C<\/strong> offre une gamme beaucoup plus large de fonctions avanc\u00e9es, incluant des diagnostics complets, la correction du kilom\u00e9trage, et diverses r\u00e9initialisations de syst\u00e8mes. Il est adapt\u00e9 aux professionnels ou aux utilisateurs ayant des besoins plus complexes en mati\u00e8re de programmation et de diagnostic de v\u00e9hicules.<\/li>\n<\/ul>\n<h3>Abonnement de mise \u00e0 jour OBDSTAR Key Master DP Plus :<\/h3>\n<ul>\n<li>Abonnement de mise \u00e0 jour de 1 an pour le pack A de OBDSTAR Key Master DP Plus : <a href=\"https:\/\/gskeyae.com\/fr\/product\/update-de-1-an-obdstar-key-master-dp-plus-package-a\/\">GS-Key-Master-A-1-Year-Update<\/a><\/li>\n<li>Mise \u00e0 niveau du pack B vers le pack C de OBDSTAR Key Master DP Plus : <a href=\"https:\/\/gskeyae.com\/fr\/product\/mise-a-niveau-b-vers-c-obdstar-key-master-dp-plus\/\">GS-Key-Master-B-TO-C<\/a><\/li>\n<li data-spm-anchor-id=\"a2ty_o01.29997173.0.i45.475dc921a6cbM9\">Mise \u00e0 niveau du pack A vers le pack C de OBDSTAR Key Master DP Plus : <a href=\"https:\/\/gskeyae.com\/fr\/product\/mise-a-niveau-a-vers-c-obdstar-key-master-dp-plus\/\">GS-Key-Master-A-TO-C<\/a><\/li>\n<\/ul>\n","protected":false},"excerpt":{"rendered":"<p>OBDSTAR Key Master DP Plus Pack complet Immobilizer avec mise \u00e0 jour gratuite 1 an: OBDSTAR Key Master DP Plus<\/p>\n","protected":false},"featured_media":111359,"comment_status":"open","ping_status":"closed","template":"elementor_theme","meta":{"_relevanssi_hide_post":"","_relevanssi_hide_content":"","_relevanssi_pin_for_all":"","_relevanssi_pin_keywords":"","_relevanssi_unpin_keywords":"","_relevanssi_related_keywords":"","_relevanssi_related_include_ids":"","_relevanssi_related_exclude_ids":"","_relevanssi_related_no_append":"","_relevanssi_related_not_related":"","_relevanssi_related_posts":"","_relevanssi_noindex_reason":""},"product_brand":[],"product_cat":[2653],"product_tag":[],"class_list":{"0":"post-122737","1":"product","2":"type-product","3":"status-publish","4":"has-post-thumbnail","6":"product_cat-dispositif-de-programmation-de-cles","7":"pa_manufacturers-obdstar-fr","8":"pa_types-key-programming-tools-fr","10":"first","11":"outofstock","12":"shipping-taxable","13":"purchasable","14":"product-type-simple"},"_links":{"self":[{"href":"https:\/\/gskeyae.com\/fr\/wp-json\/wp\/v2\/product\/122737","targetHints":{"allow":["GET"]}}],"collection":[{"href":"https:\/\/gskeyae.com\/fr\/wp-json\/wp\/v2\/product"}],"about":[{"href":"https:\/\/gskeyae.com\/fr\/wp-json\/wp\/v2\/types\/product"}],"replies":[{"embeddable":true,"href":"https:\/\/gskeyae.com\/fr\/wp-json\/wp\/v2\/comments?post=122737"}],"version-history":[{"count":0,"href":"https:\/\/gskeyae.com\/fr\/wp-json\/wp\/v2\/product\/122737\/revisions"}],"wp:featuredmedia":[{"embeddable":true,"href":"https:\/\/gskeyae.com\/fr\/wp-json\/wp\/v2\/media\/111359"}],"wp:attachment":[{"href":"https:\/\/gskeyae.com\/fr\/wp-json\/wp\/v2\/media?parent=122737"}],"wp:term":[{"taxonomy":"product_brand","embeddable":true,"href":"https:\/\/gskeyae.com\/fr\/wp-json\/wp\/v2\/product_brand?post=122737"},{"taxonomy":"product_cat","embeddable":true,"href":"https:\/\/gskeyae.com\/fr\/wp-json\/wp\/v2\/product_cat?post=122737"},{"taxonomy":"product_tag","embeddable":true,"href":"https:\/\/gskeyae.com\/fr\/wp-json\/wp\/v2\/product_tag?post=122737"}],"curies":[{"name":"wp","href":"https:\/\/api.w.org\/{rel}","templated":true}]}}