{"id":122600,"date":"2022-06-05T13:34:41","date_gmt":"2022-06-05T09:34:41","guid":{"rendered":"https:\/\/gskeyae.com\/?post_type=product&#038;p=122600"},"modified":"2025-12-17T20:06:35","modified_gmt":"2025-12-17T16:06:35","slug":"programmeur-de-cles-mobile-keydiy-kd900","status":"publish","type":"product","link":"https:\/\/gskeyae.com\/fr\/product\/programmeur-de-cles-mobile-keydiy-kd900\/","title":{"rendered":"G\u00e9n\u00e9rateur de cl\u00e9 t\u00e9l\u00e9commande mobile originale KEYDIY KD900+"},"content":{"rendered":"<h3>G\u00e9n\u00e9rateur de cl\u00e9 t\u00e9l\u00e9commande mobile originale KEYDIY KD900+:<\/h3>\n<p>Le <a href=\"https:\/\/gskeyae.com\/fr\/product-category\/dispositif-de-programmation-de-cles\/\"><strong>G\u00e9n\u00e9rateur de Cl\u00e9<\/strong><\/a> T\u00e9l\u00e9commande Mobile KEYDIY KD900+ est un dispositif con\u00e7u pour la fabrication et la gestion de t\u00e9l\u00e9commandes via smartphone. Brevet\u00e9 au niveau national, cet appareil permet aux serruriers de cr\u00e9er plus de 500 types de t\u00e9l\u00e9commandes pour divers mod\u00e8les de v\u00e9hicules en utilisant des t\u00e9l\u00e9commandes vierges, gr\u00e2ce \u00e0 une base de donn\u00e9es mise \u00e0 jour quotidiennement en temps r\u00e9el. Cette solution optimise efficacement la gestion des stocks. Tr\u00e8s appr\u00e9ci\u00e9 dans les garages et magasins de cl\u00e9s, le KD900+ est un outil indispensable pour les professionnels de la serrurerie.<\/p>\n<div class=\"group\/conversation-turn relative flex w-full min-w-0 flex-col agent-turn\">\n<div class=\"flex-col gap-1 md:gap-3\">\n<div class=\"flex max-w-full flex-col flex-grow\">\n<div class=\"min-h-8 text-message flex w-full flex-col items-end gap-2 whitespace-normal break-words text-start [.text-message+&amp;]:mt-5\" dir=\"auto\" data-message-author-role=\"assistant\" data-message-id=\"9e893e81-33e6-464f-9c97-e03f22aafefc\" data-message-model-slug=\"gpt-4o-mini\">\n<div class=\"flex w-full flex-col gap-1 empty:hidden first:pt-[3px]\">\n<div class=\"markdown prose w-full break-words dark:prose-invert light\">\n<h3>Caract\u00e9ristiques du G\u00e9n\u00e9rateur de Cl\u00e9 T\u00e9l\u00e9commande Mobile KEYDIY KD900+ Original<\/h3>\n<ul>\n<li><strong>Cr\u00e9e plus de 200 types de t\u00e9l\u00e9commandes :<\/strong> Utilise des t\u00e9l\u00e9commandes vierges KeyDIY pour cr\u00e9er des t\u00e9l\u00e9commandes enti\u00e8rement fonctionnelles et des cl\u00e9s t\u00e9l\u00e9command\u00e9es pour vos clients. Compatible avec Audi, BMW, Chrysler, Ford, GM, Honda, Hyundai, KIA, Mazda, Nissan, Subaru, Toyota, VW et bien d&rsquo;autres ! Possibilit\u00e9 de modifier la fr\u00e9quence des t\u00e9l\u00e9commandes si n\u00e9cessaire.<\/li>\n<li><strong>Test de fr\u00e9quence des t\u00e9l\u00e9commandes :<\/strong> Testez la fonctionnalit\u00e9 des t\u00e9l\u00e9commandes et affichez leur fr\u00e9quence de fonctionnement entre 312 MHz et 868 MHz. Distinction entre les modes de modulation ASK (amplitude shift keying) et FSK (frequency shift keying).<\/li>\n<li><strong>Copie de t\u00e9l\u00e9commandes d&rsquo;alarme ou de portes de garage :<\/strong> Avec les cl\u00e9s de t\u00eate F-Series, vous pouvez maintenant utiliser une t\u00e9l\u00e9commande pour contr\u00f4ler \u00e0 la fois votre voiture et votre porte de garage. Copie des transmetteurs de garage \u00e0 code fixe (300-500 MHz) et de la plupart des transmetteurs \u00e0 code tournant.<\/li>\n<li><strong>Utilisez votre smartphone comme t\u00e9l\u00e9commande de voiture \u2013 \u00c0 VENIR !<\/strong> Utilisez votre smartphone compatible Bluetooth comme t\u00e9l\u00e9commande pour votre voiture. Possibilit\u00e9 de verrouiller, d\u00e9verrouiller, activer la panique ou ouvrir le coffre. La fonction de proximit\u00e9 permet \u00e0 la voiture de se verrouiller\/d\u00e9verrouiller automatiquement lorsque vous entrez\/sortiez de la port\u00e9e Bluetooth. N\u00e9cessite l&rsquo;achat du module KEYDIY Entry, bient\u00f4t disponible.<\/li>\n<li><strong>Technologie de correspondance intelligente :<\/strong> Lorsque vous utilisez la t\u00e9l\u00e9commande d&rsquo;origine de votre client, le KD900 d\u00e9tecte les bonnes donn\u00e9es du v\u00e9hicule, facilitant votre travail.<\/li>\n<li><strong>Simulation de t\u00e9l\u00e9commande :<\/strong> Testez la fonctionnalit\u00e9 d&rsquo;une t\u00e9l\u00e9commande avec le KD900 avant de la g\u00e9n\u00e9rer.<\/li>\n<li><strong>Reprogrammation et r\u00e9utilisation des t\u00e9l\u00e9commandes :<\/strong> Une fois une t\u00e9l\u00e9commande g\u00e9n\u00e9r\u00e9e pour un v\u00e9hicule, vous pouvez la reprogrammer pour un autre v\u00e9hicule sans probl\u00e8me.<\/li>\n<li><strong>Mises \u00e0 jour en ligne faciles :<\/strong> Le fabricant ajoute constamment des am\u00e9liorations et prend en charge davantage de v\u00e9hicules. Tous les micrologiciels, logiciels et donn\u00e9es des transmetteurs peuvent \u00eatre mis \u00e0 jour automatiquement et facilement en ligne via un logiciel de bureau facile \u00e0 utiliser.<\/li>\n<\/ul>\n<\/div>\n<\/div>\n<\/div>\n<\/div>\n<\/div>\n<\/div>\n<div class=\"flex-shrink-0 flex flex-col relative items-end\">\n<div>\n<div class=\"pt-0\">\n<div class=\"gizmo-bot-avatar flex h-8 w-8 items-center justify-center overflow-hidden rounded-full\">\n<h3 class=\"relative p-1 rounded-sm flex items-center justify-center bg-token-main-surface-primary text-token-text-primary h-8 w-8\">Comment \u00e7a fonctionne :<\/h3>\n<\/div>\n<\/div>\n<\/div>\n<\/div>\n<div class=\"group\/conversation-turn relative flex w-full min-w-0 flex-col agent-turn\">\n<div class=\"flex-col gap-1 md:gap-3\">\n<div class=\"flex max-w-full flex-col flex-grow\">\n<div class=\"min-h-8 text-message flex w-full flex-col items-end gap-2 whitespace-normal break-words text-start [.text-message+&amp;]:mt-5\" dir=\"auto\" data-message-author-role=\"assistant\" data-message-id=\"f814d88f-213b-4d72-8823-11c7f6fbf307\" data-message-model-slug=\"gpt-4o-mini\">\n<div class=\"flex w-full flex-col gap-1 empty:hidden first:pt-[3px]\">\n<div class=\"markdown prose w-full break-words dark:prose-invert light\">\n<ol>\n<li>Ouvrez la nouvelle t\u00e9l\u00e9commande, retirez la carte \u00e9lectronique et la batterie.<\/li>\n<li>Connectez le c\u00e2ble de donn\u00e9es de la t\u00e9l\u00e9commande du KD900 \u00e0 l&rsquo;\u00e9lectronique de la t\u00e9l\u00e9commande KEYDIY.<\/li>\n<li>S\u00e9lectionnez le type de v\u00e9hicule dans le menu KD900.<\/li>\n<li>S\u00e9lectionnez [Make Remote] dans le menu KD900 et votre t\u00e9l\u00e9commande sera cr\u00e9\u00e9e !<\/li>\n<li>R\u00e9assemblez la t\u00e9l\u00e9commande, ins\u00e9rez la puce transpondeur appropri\u00e9e si n\u00e9cessaire, coupez la lame et programmez-la sur le v\u00e9hicule comme une t\u00e9l\u00e9commande d&rsquo;origine.<\/li>\n<\/ol>\n<h3>Le kit du G\u00e9n\u00e9rateur de Cl\u00e9 T\u00e9l\u00e9commande Mobile Original KEYDIY KD900+ comprend:<\/h3>\n<ul>\n<li>Appareil KD900+<\/li>\n<li>3 t\u00e9l\u00e9commandes mixtes pour d\u00e9marrer<\/li>\n<li>Espaces cl\u00e9s mixtes<\/li>\n<li>2 c\u00e2bles de g\u00e9n\u00e9ration de t\u00e9l\u00e9commande<\/li>\n<li>C\u00e2ble USB<\/li>\n<li>Guide de l&rsquo;utilisateur<\/li>\n<\/ul>\n<\/div>\n<\/div>\n<\/div>\n<\/div>\n<\/div>\n<\/div>\n<p><img loading=\"lazy\" decoding=\"async\" class=\"alignnone wp-image-122601 \" src=\"https:\/\/gskeyae.com\/wp-content\/uploads\/2024\/12\/le-kit-keydiy-kd900-comprend.jpg\" alt=\"Le kit du G\u00e9n\u00e9rateur de Cl\u00e9 T\u00e9l\u00e9commande Mobile Original KEYDIY KD900+ comprend\" width=\"724\" height=\"724\" title=\"\" srcset=\"https:\/\/gskeyae.com\/wp-content\/uploads\/2024\/12\/le-kit-keydiy-kd900-comprend.jpg 1000w, https:\/\/gskeyae.com\/wp-content\/uploads\/2024\/12\/le-kit-keydiy-kd900-comprend-375x375.jpg 375w, https:\/\/gskeyae.com\/wp-content\/uploads\/2024\/12\/le-kit-keydiy-kd900-comprend-520x520.jpg 520w, https:\/\/gskeyae.com\/wp-content\/uploads\/2024\/12\/le-kit-keydiy-kd900-comprend-768x768.jpg 768w, https:\/\/gskeyae.com\/wp-content\/uploads\/2024\/12\/le-kit-keydiy-kd900-comprend-600x600.jpg 600w, https:\/\/gskeyae.com\/wp-content\/uploads\/2024\/12\/le-kit-keydiy-kd900-comprend-150x150.jpg 150w, https:\/\/gskeyae.com\/wp-content\/uploads\/2024\/12\/le-kit-keydiy-kd900-comprend-32x32.jpg 32w\" sizes=\"auto, (max-width: 724px) 100vw, 724px\" \/><\/p>\n","protected":false},"excerpt":{"rendered":"<p>G\u00e9n\u00e9rateur de cl\u00e9 t\u00e9l\u00e9commande mobile originale KEYDIY KD900+: Le G\u00e9n\u00e9rateur de Cl\u00e9 T\u00e9l\u00e9commande Mobile KEYDIY KD900+ est un dispositif con\u00e7u<\/p>\n","protected":false},"featured_media":105966,"comment_status":"open","ping_status":"closed","template":"","meta":{"_relevanssi_hide_post":"","_relevanssi_hide_content":"","_relevanssi_pin_for_all":"","_relevanssi_pin_keywords":"","_relevanssi_unpin_keywords":"","_relevanssi_related_keywords":"","_relevanssi_related_include_ids":"","_relevanssi_related_exclude_ids":"","_relevanssi_related_no_append":"","_relevanssi_related_not_related":"","_relevanssi_related_posts":"","_relevanssi_noindex_reason":""},"product_brand":[],"product_cat":[2653],"product_tag":[],"class_list":{"0":"post-122600","1":"product","2":"type-product","3":"status-publish","4":"has-post-thumbnail","6":"product_cat-dispositif-de-programmation-de-cles","7":"pa_manufacturers-keydiy-fr","8":"pa_types-key-programming-tools-fr","10":"first","11":"outofstock","12":"shipping-taxable","13":"purchasable","14":"product-type-simple"},"_links":{"self":[{"href":"https:\/\/gskeyae.com\/fr\/wp-json\/wp\/v2\/product\/122600","targetHints":{"allow":["GET"]}}],"collection":[{"href":"https:\/\/gskeyae.com\/fr\/wp-json\/wp\/v2\/product"}],"about":[{"href":"https:\/\/gskeyae.com\/fr\/wp-json\/wp\/v2\/types\/product"}],"replies":[{"embeddable":true,"href":"https:\/\/gskeyae.com\/fr\/wp-json\/wp\/v2\/comments?post=122600"}],"version-history":[{"count":0,"href":"https:\/\/gskeyae.com\/fr\/wp-json\/wp\/v2\/product\/122600\/revisions"}],"wp:featuredmedia":[{"embeddable":true,"href":"https:\/\/gskeyae.com\/fr\/wp-json\/wp\/v2\/media\/105966"}],"wp:attachment":[{"href":"https:\/\/gskeyae.com\/fr\/wp-json\/wp\/v2\/media?parent=122600"}],"wp:term":[{"taxonomy":"product_brand","embeddable":true,"href":"https:\/\/gskeyae.com\/fr\/wp-json\/wp\/v2\/product_brand?post=122600"},{"taxonomy":"product_cat","embeddable":true,"href":"https:\/\/gskeyae.com\/fr\/wp-json\/wp\/v2\/product_cat?post=122600"},{"taxonomy":"product_tag","embeddable":true,"href":"https:\/\/gskeyae.com\/fr\/wp-json\/wp\/v2\/product_tag?post=122600"}],"curies":[{"name":"wp","href":"https:\/\/api.w.org\/{rel}","templated":true}]}}