{"id":122519,"date":"2024-11-20T13:14:08","date_gmt":"2024-11-20T09:14:08","guid":{"rendered":"https:\/\/gskeyae.com\/?post_type=product&#038;p=122519"},"modified":"2025-12-17T20:03:33","modified_gmt":"2025-12-17T16:03:33","slug":"lot-de-3-cles-intelligentes-kia-sportage-95440-d9510","status":"publish","type":"product","link":"https:\/\/gskeyae.com\/fr\/product\/lot-de-3-cles-intelligentes-kia-sportage-95440-d9510\/","title":{"rendered":"Lot de 3 cl\u00e9s intelligentes KIA Sportage 2019-2020 3 boutons 433 MHz 95440-D9510"},"content":{"rendered":"<h2>Lot de 3 cl\u00e9s intelligentes KIA Sportage 2019-2020 3 boutons 433 MHz 95440-D9510:<\/h2>\n<p>Fabricant : Pi\u00e8ces authentiques<br \/>\nNum\u00e9ro de pi\u00e8ce OEM : 95440-D9510, 95440D9510<br \/>\nID FCC : TQ8-FOB-4F08, TQ8FOB4F08<br \/>\nFr\u00e9quence : 433 MHz<br \/>\n\u00c9tat : Neuf<br \/>\nTaille : Pack de 3<br \/>\nType de batterie : CR2032<br \/>\nBoutons : 3 \/ Verrouiller, D\u00e9verrouiller, Coffre<br \/>\nPuce transpondeur : Puce ID47<br \/>\nMarch\u00e9 : Australie &#8211; Mondial &#8211; Europe<br \/>\nProximit\u00e9 \/ Acc\u00e8s sans cl\u00e9 \/ Intelligent : Oui<br \/>\nLame de cl\u00e9 d&rsquo;urgence ins\u00e9rable identique \u00e0 81996-2P300 \/ 81996-A4040 &#8211; LXP90 \/ Non incluse<br \/>\nCompatible avec les mod\u00e8les suivants :<\/p>\n<ul>\n<li>2019 &#8211; 2020 KIA Sportage<\/li>\n<\/ul>\n<p><strong>Accessoires<\/strong> : Vendus s\u00e9par\u00e9ment :<\/p>\n<ul>\n<li>Coque en silicone : GS-SIL-036<\/li>\n<\/ul>\n","protected":false},"excerpt":{"rendered":"<p>Lot de 3 cl\u00e9s intelligentes KIA Sportage 2019-2020 3 boutons 433 MHz 95440-D9510: Fabricant : Pi\u00e8ces authentiques Num\u00e9ro de pi\u00e8ce<\/p>\n","protected":false},"featured_media":121746,"comment_status":"open","ping_status":"closed","template":"elementor_theme","meta":{"_relevanssi_hide_post":"","_relevanssi_hide_content":"","_relevanssi_pin_for_all":"","_relevanssi_pin_keywords":"","_relevanssi_unpin_keywords":"","_relevanssi_related_keywords":"","_relevanssi_related_include_ids":"","_relevanssi_related_exclude_ids":"","_relevanssi_related_no_append":"","_relevanssi_related_not_related":"","_relevanssi_related_posts":"","_relevanssi_noindex_reason":""},"product_brand":[],"product_cat":[2580],"product_tag":[],"class_list":{"0":"post-122519","1":"product","2":"type-product","3":"status-publish","4":"has-post-thumbnail","6":"product_cat-telecommandes-de-voiture","7":"pa_buttons-3-fr","8":"pa_car-makes-kia-fr","9":"pa_color-black-fr","10":"pa_condition-new-fr","11":"pa_frequency-433mhz-fr","12":"pa_manufacturers-genuine-oem-fr","13":"pa_remote-type-proximity-keys-fr","14":"pa_transponder-chip-yes-fr","15":"pa_types-car-remotes-fr","17":"first","18":"instock","19":"shipping-taxable","20":"purchasable","21":"product-type-simple"},"_links":{"self":[{"href":"https:\/\/gskeyae.com\/fr\/wp-json\/wp\/v2\/product\/122519","targetHints":{"allow":["GET"]}}],"collection":[{"href":"https:\/\/gskeyae.com\/fr\/wp-json\/wp\/v2\/product"}],"about":[{"href":"https:\/\/gskeyae.com\/fr\/wp-json\/wp\/v2\/types\/product"}],"replies":[{"embeddable":true,"href":"https:\/\/gskeyae.com\/fr\/wp-json\/wp\/v2\/comments?post=122519"}],"version-history":[{"count":0,"href":"https:\/\/gskeyae.com\/fr\/wp-json\/wp\/v2\/product\/122519\/revisions"}],"wp:featuredmedia":[{"embeddable":true,"href":"https:\/\/gskeyae.com\/fr\/wp-json\/wp\/v2\/media\/121746"}],"wp:attachment":[{"href":"https:\/\/gskeyae.com\/fr\/wp-json\/wp\/v2\/media?parent=122519"}],"wp:term":[{"taxonomy":"product_brand","embeddable":true,"href":"https:\/\/gskeyae.com\/fr\/wp-json\/wp\/v2\/product_brand?post=122519"},{"taxonomy":"product_cat","embeddable":true,"href":"https:\/\/gskeyae.com\/fr\/wp-json\/wp\/v2\/product_cat?post=122519"},{"taxonomy":"product_tag","embeddable":true,"href":"https:\/\/gskeyae.com\/fr\/wp-json\/wp\/v2\/product_tag?post=122519"}],"curies":[{"name":"wp","href":"https:\/\/api.w.org\/{rel}","templated":true}]}}